{"id":2,"date":"2026-04-09T12:21:50","date_gmt":"2026-04-09T12:21:50","guid":{"rendered":"https:\/\/rawzion.com\/?page_id=2"},"modified":"2026-05-04T15:57:11","modified_gmt":"2026-05-04T19:57:11","slug":"sample-page","status":"publish","type":"page","link":"https:\/\/rawzion.com\/fr\/","title":{"rendered":"Ben Zion Montreal Video Production"},"content":{"rendered":"<h1>\n\t\t\tBen&nbsp;Zion Jackson Videographer\t<\/h1>\n<h2>\n\t\t\tPortfolio\t<\/h2>\n\t\t\t<a href=\"\/fr\/portfolio\/\"  target=\"_self\">\n\t\t\t\t\t\t\tVoir tous\n\t\t\t<\/a>\n    <article data-video-url=\"https:\/\/rawzion.com\/wp-content\/uploads\/2026\/04\/real-Ventures-Thumbnail.webm\">\n            <img decoding=\"async\" alt src=\"https:\/\/rawzion.com\/wp-content\/uploads\/2026\/04\/RV-Thumbnail.jpg\" \/>\n                Corporatif\n          <h3><a href=\"https:\/\/rawzion.com\/fr\/portfolio\/real-ventures-agm-2026\/\" target=\"_blank\">Real Ventures AGM 2026<\/a><\/h3>\n          <p>T\u00e2che: R\u00e9alisateur, Pilote de Dr\u00f4ne, Op\u00e9rateur de Cam\u00e9ra et Montage<\/p>\n    <\/article>\n    <article data-video-url=\"https:\/\/rawzion.com\/wp-content\/uploads\/2026\/04\/South-Marin-Thumbnail.webm\">\n            <img decoding=\"async\" alt=\"South Marin Health and Wellness\" src=\"https:\/\/rawzion.com\/wp-content\/uploads\/2026\/04\/south-marin-health.webp\" \/>\n                Publicit\u00e9\n          <h3><a href=\"https:\/\/rawzion.com\/fr\/portfolio\/south-marin-health-and-wellness-center\/\" target=\"_blank\">South Marin Health and Wellness Center<\/a><\/h3>\n          \n    <\/article>\n    <article data-video-url=\"https:\/\/rawzion.com\/wp-content\/uploads\/2026\/04\/Montreal-Startup-Open-House-Thumbnail-video.webm\">\n            <img decoding=\"async\" alt src=\"https:\/\/rawzion.com\/wp-content\/uploads\/2026\/04\/Montreal-Startup-Open-House-Thumbnail-copy.webp\" \/>\n                Corporatif\n          <h3><a href=\"https:\/\/rawzion.com\/fr\/portfolio\/startup-open-house\/\" target=\"_blank\">Les Portes Ouvertes de la Communaut\u00e9 Startup - \u00c9lanTech<\/a><\/h3>\n          <p>R\u00e9alisateur, Op\u00e9rateur Cam\u00e9ra, Montage<\/p>\n    <\/article>\n    <article data-video-url=\"https:\/\/rawzion.com\/wp-content\/uploads\/2026\/04\/BKR-Thumbnail.webm\">\n            <img decoding=\"async\" alt src=\"https:\/\/rawzion.com\/wp-content\/uploads\/2026\/04\/BKR-Thumbnail.webp\" \/>\n                Corporatif\n          <h3><a href=\"https:\/\/rawzion.com\/fr\/portfolio\/bkr-capital\/\" target=\"_blank\">BKR Capital<\/a><\/h3>\n          <p>Video Camera Operator, Photographer and Editor<\/p>\n    <\/article>\n    <article data-video-url=\"https:\/\/rawzion.com\/wp-content\/uploads\/2026\/04\/Bar-MTL-Thumbnail.webm\">\n            <img decoding=\"async\" alt src=\"https:\/\/rawzion.com\/wp-content\/uploads\/2026\/04\/Bar-Thumbnail.webp\" \/>\n                Corporatif\n          <h3><a href=\"https:\/\/rawzion.com\/fr\/portfolio\/barreau-de-montreal-open-house-at-palais-de-justice\/\" target=\"_blank\">Barreau de Montr\u00e9al - Journ\u00e9e des Portes Ouvertes au Palais du Justice et Cour d'appel du Qu\u00e9bec<\/a><\/h3>\n          <p>Director, drone pilot, cameraman, editor<\/p>\n    <\/article>\n    <article data-video-url=\"https:\/\/rawzion.com\/wp-content\/uploads\/2026\/04\/Afrotech-thumbnail.webm\">\n            <img decoding=\"async\" alt src=\"https:\/\/rawzion.com\/wp-content\/uploads\/2026\/04\/RepM2.jpg\" \/>\n                Corporate\n                Web Series\n          <h3><a href=\"https:\/\/rawzion.com\/fr\/portfolio\/rep-matters\/\" target=\"_blank\">Rep Matters<\/a><\/h3>\n          <p>R\u00e9alisateur, Op\u00e9rateur Cam\u00e9ra et Montage<\/p>\n    <\/article>\n    <article data-video-url=\"https:\/\/rawzion.com\/wp-content\/uploads\/2026\/04\/Collingwood-Thumbnail.webm\">\n            <img decoding=\"async\" alt src=\"https:\/\/rawzion.com\/wp-content\/uploads\/2026\/04\/collingwood-whisky-english.jpg\" \/>\n                Publicit\u00e9\n          <h3><a href=\"https:\/\/rawzion.com\/fr\/portfolio\/collingwood-whisky\/\" target=\"_blank\">Collingwood Whisky<\/a><\/h3>\n          <p>Director, Camera &#038; Editor<\/p>\n    <\/article>\n    <article data-video-url=\"https:\/\/rawzion.com\/wp-content\/uploads\/2026\/04\/What-is-life-thumbnail.webm\">\n            <img decoding=\"async\" alt src=\"https:\/\/rawzion.com\/wp-content\/uploads\/2026\/04\/03.jpg\" \/>\n                Clip vid\u00e9o\n          <h3><a href=\"https:\/\/rawzion.com\/fr\/portfolio\/what-is-life-george-harrison\/\" target=\"_blank\">&#8220;What is Life&#8221; &#8211; George Harrison<\/a><\/h3>\n          <p>Director, Editor, B Cam Op &#8211; Contest for Genero.TV<\/p>\n    <\/article>\n    <article data-video-url=\"https:\/\/rawzion.com\/wp-content\/uploads\/2026\/04\/Pitch-Better-Thumbnail.webm\">\n            <img decoding=\"async\" alt src=\"https:\/\/rawzion.com\/wp-content\/uploads\/2026\/04\/Foundhers-thumbnail.webp\" \/>\n                Corporatif\n          <h3><a href=\"https:\/\/rawzion.com\/fr\/portfolio\/foundhers-innovation-labs-by-pitch-better\/\" target=\"_blank\">Foundhers Innovation Labs by Pitch Better<\/a><\/h3>\n          <p>Videographer, Photographer, Editor<\/p>\n    <\/article>\n<h2>\n\t\t\t\u00c7a vous pla\u00eet?\t<\/h2>\n\t\t\t<a href=\"\/fr\/contact\/\"  target=\"_self\">\n\t\t\t\t\t\t\tContactez\n\t\t\t\t\t<\/a>","protected":false},"excerpt":{"rendered":"<p>Ben&nbsp;Zion Jackson Videographer Portfolio View all Corporate Real Ventures AGM 2026 Camera Operator, Drone Pilot and Editor Advertisement South Marin Health and Wellness Center Corporate Startup Open House &#8211; \u00c9lanTech Director, Camera Operator, Editor Corporate BKR Capital Video Camera Operator, Photographer and Editor Corporate Barreau de Montr\u00e9al &#8211; Open House at Palais de Justice Director, [&hellip;]<\/p>\n","protected":false},"author":1,"featured_media":0,"parent":0,"menu_order":0,"comment_status":"closed","ping_status":"open","template":"page-builder","meta":{"_acf_changed":false,"footnotes":""},"class_list":["post-2","page","type-page","status-publish","hentry"],"acf":[],"_links":{"self":[{"href":"https:\/\/rawzion.com\/fr\/wp-json\/wp\/v2\/pages\/2","targetHints":{"allow":["GET"]}}],"collection":[{"href":"https:\/\/rawzion.com\/fr\/wp-json\/wp\/v2\/pages"}],"about":[{"href":"https:\/\/rawzion.com\/fr\/wp-json\/wp\/v2\/types\/page"}],"author":[{"embeddable":true,"href":"https:\/\/rawzion.com\/fr\/wp-json\/wp\/v2\/users\/1"}],"replies":[{"embeddable":true,"href":"https:\/\/rawzion.com\/fr\/wp-json\/wp\/v2\/comments?post=2"}],"version-history":[{"count":11,"href":"https:\/\/rawzion.com\/fr\/wp-json\/wp\/v2\/pages\/2\/revisions"}],"predecessor-version":[{"id":536,"href":"https:\/\/rawzion.com\/fr\/wp-json\/wp\/v2\/pages\/2\/revisions\/536"}],"wp:attachment":[{"href":"https:\/\/rawzion.com\/fr\/wp-json\/wp\/v2\/media?parent=2"}],"curies":[{"name":"wp","href":"https:\/\/api.w.org\/{rel}","templated":true}]}}