{"id":102,"date":"2026-04-09T13:42:31","date_gmt":"2026-04-09T17:42:31","guid":{"rendered":"https:\/\/rawzion.com\/?page_id=102"},"modified":"2026-04-27T11:07:24","modified_gmt":"2026-04-27T15:07:24","slug":"about","status":"publish","type":"page","link":"https:\/\/rawzion.com\/fr\/about\/","title":{"rendered":"\u00c0 propos de Ben"},"content":{"rendered":"<div class=\"wp-block-group alignwide is-content-justification-center is-layout-flex wp-container-core-group-is-layout-2610d25f wp-block-group-is-layout-flex\" style=\"padding-top:var(--wp--preset--spacing--50);padding-bottom:var(--wp--preset--spacing--50)\">\n<figure class=\"wp-block-image size-full has-custom-border wp-container-content-e0b89f81\"><img loading=\"lazy\" decoding=\"async\" width=\"1080\" height=\"1080\" src=\"https:\/\/rawzion.com\/wp-content\/uploads\/2026\/04\/Ben-Profile.jpg\" alt=\"\" class=\"wp-image-291\" style=\"border-top-left-radius:100%;border-top-right-radius:100%;border-bottom-left-radius:100%;border-bottom-right-radius:100%;object-fit:cover\" srcset=\"https:\/\/rawzion.com\/wp-content\/uploads\/2026\/04\/Ben-Profile.jpg 1080w, https:\/\/rawzion.com\/wp-content\/uploads\/2026\/04\/Ben-Profile-300x300.jpg 300w, https:\/\/rawzion.com\/wp-content\/uploads\/2026\/04\/Ben-Profile-1024x1024.jpg 1024w, https:\/\/rawzion.com\/wp-content\/uploads\/2026\/04\/Ben-Profile-150x150.jpg 150w, https:\/\/rawzion.com\/wp-content\/uploads\/2026\/04\/Ben-Profile-768x768.jpg 768w, https:\/\/rawzion.com\/wp-content\/uploads\/2026\/04\/Ben-Profile-12x12.jpg 12w\" sizes=\"auto, (max-width: 1080px) 100vw, 1080px\" \/><\/figure>\n\n\n\n<div class=\"wp-block-group has-global-padding is-layout-constrained wp-block-group-is-layout-constrained\">\n<p>Ben Zion Jackson est un <strong>vid\u00e9aste,<\/strong>, <strong><a href=\"https:\/\/www.instagram.com\/benthezion\/\" data-type=\"link\" data-id=\"https:\/\/www.instagram.com\/benthezion\/\" target=\"_blank\" rel=\"noopener\">photographe<\/a><\/strong> et <strong>op\u00e9rateur de drone avec license <\/strong>bas\u00e9 \u00e0 Montr\u00e9al, Qu\u00e9bec.<\/p>\n\n\n\n<p>Dipl\u00f4m\u00e9 de l'Universit\u00e9 Concordia, Jackson a travaill\u00e9 dans le domaine du cin\u00e9ma (fiction et documentaire), des campagnes publicitaires, a cr\u00e9\u00e9 trois podcasts \u00e0 succ\u00e8s et se sp\u00e9cialise dans la captation et le partage d'\u00e9v\u00e9nements sp\u00e9ciaux tels que des conf\u00e9rences et des mariages.<\/p>\n\n\n\n<p>Ses travaux se diff\u00e9rencient \u00e0 cause de sa <strong>capacit\u00e9 d'\u00e9couter et d'affiner les messages des clients ; \u00e0 les transformer en histoires claires et captivantes<\/strong>Un <a href=\"https:\/\/vimeo.com\/1119644135\" data-type=\"link\" data-id=\"https:\/\/vimeo.com\/1119644135?share=copy&amp;fl=sv&amp;fe=ci\" target=\"_blank\" rel=\"noreferrer noopener\">vid\u00e9o corporative<\/a> de Jackson sera efficace et directe avec sa communcation du message de la client. Ses <a href=\"https:\/\/vimeo.com\/886225884\/5f071d6fd4\" target=\"_blank\" data-type=\"link\" data-id=\"https:\/\/vimeo.com\/886225884\/5f071d6fd4?share=copy&amp;fl=sv&amp;fe=ci\" rel=\"noreferrer noopener\">vid\u00e9os de mariages<\/a> sont plus intimes et naturelles \u00e0 cause son habilit\u00e9 d'\u00e9couter aux couples et leurs relatives et amis.<\/p>\n\n\n\n<p>Les comp\u00e9tences techniques comme l'\u00e9clairage, la prise de vue, le montage et la capture audio sont importantes, mais cette <strong>pratique de la communication \u00e9fficace<\/strong> est au coeur de la carri\u00e8re de Jackson depuis 2013.<\/p>\n\n\n\n<p>Quelques oeuvres important sont : le court documentaire <a href=\"http:\/\/aboutdefleuve.ca\" target=\"_blank\" rel=\"noreferrer noopener\">\u00c0 Bout de Fleuve<\/a>, le court-m\u00e9trage <a href=\"https:\/\/youtu.be\/aqZjZWAQKlo?si=1kWmtVWk8g91JYEY\" target=\"_blank\" rel=\"noreferrer noopener\">Quebkanda<\/a>, la s\u00e9rie-t\u00e9l\u00e9 <a href=\"https:\/\/www.tv5unis.ca\/mamma-en-chef\/saisons\/1\" target=\"_blank\" rel=\"noreferrer noopener\">Mamma en Cheffe<\/a>, des long-m\u00e9trages comme <a href=\"https:\/\/www.shudder.com\/movies\/watch\/the-sacrifice-game\/2d8ebe71d16d9fa1\" target=\"_blank\" rel=\"noreferrer noopener\">The Sacrifice Game<\/a> et <a href=\"https:\/\/www.dailymotion.com\/video\/x8sgr0a\" target=\"_blank\" data-type=\"link\" data-id=\"https:\/\/www.dailymotion.com\/video\/x8sgr0a\" rel=\"noreferrer noopener\">Alice in the Attic<\/a>, le documentaire <a href=\"https:\/\/humanitystoked.com\/\" target=\"_blank\" rel=\"noreferrer noopener\">Humanity Stoked<\/a> et beaucoup des publicit\u00e9s pour des organismes comme <a href=\"https:\/\/vimeo.com\/1119644135\" data-type=\"link\" data-id=\"https:\/\/vimeo.com\/1119644135\" target=\"_blank\" rel=\"noopener\">Real Ventures<\/a>, <a href=\"https:\/\/vimeo.com\/1130097400\/ec95e3b693?share=copy&amp;fl=sv&amp;fe=ci\" target=\"_blank\" rel=\"noreferrer noopener\">BKR Capital<\/a>, \u00c9lanTech, <a href=\"https:\/\/vimeo.com\/1173641041\/8992fa7908?share=copy&amp;fl=sv&amp;fe=ci\" target=\"_blank\" data-type=\"link\" data-id=\"https:\/\/vimeo.com\/1173641041\/8992fa7908?share=copy&amp;fl=sv&amp;fe=ci\" rel=\"noreferrer noopener\">Transformer Tables<\/a>, <a href=\"https:\/\/vimeo.com\/1016303040\/800e21950c?share=copy&amp;fl=sv&amp;fe=ci\" target=\"_blank\" rel=\"noreferrer noopener\">R\u00e9seau Capital<\/a>, le <a href=\"https:\/\/vimeo.com\/1082378087\/0a316f3477?share=copy&amp;fl=sv&amp;fe=ci\" target=\"_blank\" data-type=\"link\" data-id=\"https:\/\/vimeo.com\/1082378087\/0a316f3477?share=copy&amp;fl=sv&amp;fe=ci\" rel=\"noreferrer noopener\">Dream Legacy Foundation<\/a>, <a href=\"https:\/\/vimeo.com\/1120613677\/7bd626ed41?share=copy&amp;fl=sv&amp;fe=ci\" target=\"_blank\" rel=\"noreferrer noopener\">Pitch Better<\/a>, <a href=\"https:\/\/www.wealthyco.com\/main\" target=\"_blank\" rel=\"noreferrer noopener\">Wealthy Commercials,<\/a> le <a href=\"https:\/\/vimeo.com\/1165796417\/74f87ebf37?share=copy&amp;fl=sv&amp;fe=ci\" target=\"_blank\" rel=\"noreferrer noopener\">Afro-Descendant Leadership Alliance<\/a>, <a href=\"https:\/\/www.youtube.com\/watch?v=ck-j0PNufl0\" target=\"_blank\" rel=\"noreferrer noopener\">Redline Communications<\/a>, <a href=\"https:\/\/vimeo.com\/390309897\/fce56cad1e?share=copy&amp;fl=cl&amp;fe=ci\" target=\"_blank\" data-type=\"link\" data-id=\"https:\/\/vimeo.com\/390309897\/fce56cad1e?share=copy&amp;fl=cl&amp;fe=ci\" rel=\"noreferrer noopener\">XRM Vision <\/a>et <a href=\"http:\/\/jedlab.com\" target=\"_blank\" rel=\"noreferrer noopener\">Jedlab<\/a>.  Il est aussi le vid\u00e9aste et photographe officiel de <a href=\"https:\/\/realventures.com\/rep-matters\/\" target=\"_blank\" rel=\"noreferrer noopener\">Rep Matters<\/a>.&nbsp; &nbsp;&nbsp;<\/p>\n<\/div>\n\n\n\n<p><\/p>\n<\/div>","protected":false},"excerpt":{"rendered":"<p>Ben Zion Jackson is a fully-equipped videographer, photographer and licensed drone owner and operator based in Montr\u00e9al, Canada. A graduate of Concordia University, Jackson has worked in feature fiction and documentary films, advertising campaigns, has developed three successful podcasts and is a specialist in capturing and sharing special events such as conferences and weddings. His [&hellip;]<\/p>\n","protected":false},"author":1,"featured_media":0,"parent":0,"menu_order":0,"comment_status":"closed","ping_status":"closed","template":"","meta":{"_acf_changed":false,"footnotes":""},"class_list":["post-102","page","type-page","status-publish","hentry"],"acf":[],"_links":{"self":[{"href":"https:\/\/rawzion.com\/fr\/wp-json\/wp\/v2\/pages\/102","targetHints":{"allow":["GET"]}}],"collection":[{"href":"https:\/\/rawzion.com\/fr\/wp-json\/wp\/v2\/pages"}],"about":[{"href":"https:\/\/rawzion.com\/fr\/wp-json\/wp\/v2\/types\/page"}],"author":[{"embeddable":true,"href":"https:\/\/rawzion.com\/fr\/wp-json\/wp\/v2\/users\/1"}],"replies":[{"embeddable":true,"href":"https:\/\/rawzion.com\/fr\/wp-json\/wp\/v2\/comments?post=102"}],"version-history":[{"count":13,"href":"https:\/\/rawzion.com\/fr\/wp-json\/wp\/v2\/pages\/102\/revisions"}],"predecessor-version":[{"id":434,"href":"https:\/\/rawzion.com\/fr\/wp-json\/wp\/v2\/pages\/102\/revisions\/434"}],"wp:attachment":[{"href":"https:\/\/rawzion.com\/fr\/wp-json\/wp\/v2\/media?parent=102"}],"curies":[{"name":"wp","href":"https:\/\/api.w.org\/{rel}","templated":true}]}}